{"id":834,"date":"2025-01-01T07:47:36","date_gmt":"2025-01-01T07:47:36","guid":{"rendered":"https:\/\/kalaitaadventures.com\/new\/?page_id=834"},"modified":"2025-01-25T10:18:05","modified_gmt":"2025-01-25T10:18:05","slug":"customize-your-tanzania-holiday","status":"publish","type":"page","link":"https:\/\/kalaitaadventures.com\/hu\/testre-szabhatja-tanzaniai-nyaralasat\/","title":{"rendered":"Testre szabhatja tanz\u00e1niai nyaral\u00e1s\u00e1t"},"content":{"rendered":"<div data-elementor-type=\"wp-page\" data-elementor-id=\"834\" class=\"elementor elementor-834\" data-elementor-settings=\"{&quot;ha_cmc_init_switcher&quot;:&quot;no&quot;}\" data-elementor-post-type=\"page\">\n\t\t\t\t\t\t<section class=\"elementor-section elementor-top-section elementor-element elementor-element-ba9c46f elementor-section-boxed elementor-section-height-default elementor-section-height-default wpr-particle-no wpr-jarallax-no wpr-parallax-no wpr-sticky-section-no wpr-equal-height-no\" data-id=\"ba9c46f\" data-element_type=\"section\" data-e-type=\"section\" data-settings=\"{&quot;background_background&quot;:&quot;classic&quot;,&quot;_ha_eqh_enable&quot;:false}\">\n\t\t\t\t\t\t<div class=\"elementor-container elementor-column-gap-default\">\n\t\t\t\t\t<div class=\"elementor-column elementor-col-50 elementor-top-column elementor-element elementor-element-35f5038\" data-id=\"35f5038\" data-element_type=\"column\" data-e-type=\"column\" data-settings=\"{&quot;background_background&quot;:&quot;classic&quot;}\">\n\t\t\t<div class=\"elementor-widget-wrap elementor-element-populated\">\n\t\t\t\t\t\t<div class=\"elementor-element elementor-element-7922d28 elementor-widget elementor-widget-text-editor\" data-id=\"7922d28\" data-element_type=\"widget\" data-e-type=\"widget\" data-widget_type=\"text-editor.default\">\n\t\t\t\t<div class=\"elementor-widget-container\">\n\t\t\t\t\t\t\t\t\t<p>\n<div class=\"wpcf7 no-js\" id=\"wpcf7-f848-o1\" lang=\"en-US\" dir=\"ltr\" data-wpcf7-id=\"848\">\n<div class=\"screen-reader-response\"><p role=\"status\" aria-live=\"polite\" aria-atomic=\"true\"><\/p> <ul><\/ul><\/div>\n<form action=\"\/hu\/wp-json\/wp\/v2\/pages\/834#wpcf7-f848-o1\" method=\"post\" class=\"wpcf7-form init\" aria-label=\"Kapcsolatfelv\u00e9teli \u0171rlap\" novalidate=\"novalidate\" data-status=\"init\" data-trp-original-action=\"\/hu\/wp-json\/wp\/v2\/pages\/834#wpcf7-f848-o1\">\n<fieldset class=\"hidden-fields-container\"><input type=\"hidden\" name=\"_wpcf7\" value=\"848\" \/><input type=\"hidden\" name=\"_wpcf7_version\" value=\"6.1.5\" \/><input type=\"hidden\" name=\"_wpcf7_locale\" value=\"en_US\" \/><input type=\"hidden\" name=\"_wpcf7_unit_tag\" value=\"wpcf7-f848-o1\" \/><input type=\"hidden\" name=\"_wpcf7_container_post\" value=\"0\" \/><input type=\"hidden\" name=\"_wpcf7_posted_data_hash\" value=\"\" \/><input type=\"hidden\" name=\"_cf7a__timestamp\" value=\"XsHiNM3bGSNqMB2MzKFSkQ==\" \/><input type=\"hidden\" name=\"_cf7a_version\" value=\"1.0\" \/><input type=\"hidden\" name=\"_cf7a_address\" value=\"\" \/><input type=\"hidden\" name=\"_cf7a_referer\" value=\"\" \/><input type=\"hidden\" name=\"_cf7a_protocol\" value=\"\" \/><input type=\"hidden\" name=\"_yeeaddons_cf7_repeater_fields\" value=\"\" \/><input type=\"hidden\" name=\"_wpcf7_recaptcha_response\" value=\"\" \/><input type=\"hidden\" name=\"_cf7a_bot_fingerprint\" value=\"XsHiNM3bGSNqMB2MzKFSkQ==\" \/><input type=\"hidden\" name=\"_cf7a_bot_fingerprint_extras\" \/><input type=\"hidden\" name=\"_cf7a_append_on_submit\" \/>\n<\/fieldset>\n<p>K\u00e9rj\u00fck, t\u00f6ltse ki az el\u0151z\u0151 oldalon tal\u00e1lhat\u00f3 \u0171rlapot.\n<\/p><div class=\"wpcf7-response-output\" aria-hidden=\"true\"><\/div>\n<input type=\"hidden\" name=\"trp-form-language\" value=\"hu\"\/><\/form>\n<\/div>\n<\/p>\t\t\t\t\t\t\t\t<\/div>\n\t\t\t\t<\/div>\n\t\t\t\t\t<\/div>\n\t\t<\/div>\n\t\t\t\t<div class=\"elementor-column elementor-col-50 elementor-top-column elementor-element elementor-element-f4aeaf4\" data-id=\"f4aeaf4\" data-element_type=\"column\" data-e-type=\"column\" data-settings=\"{&quot;background_background&quot;:&quot;classic&quot;}\">\n\t\t\t<div class=\"elementor-widget-wrap elementor-element-populated\">\n\t\t\t\t\t\t<section class=\"elementor-section elementor-inner-section elementor-element elementor-element-8dc891e elementor-section-boxed elementor-section-height-default elementor-section-height-default wpr-particle-no wpr-jarallax-no wpr-parallax-no wpr-sticky-section-no wpr-equal-height-no\" data-id=\"8dc891e\" data-element_type=\"section\" data-e-type=\"section\" data-settings=\"{&quot;sticky&quot;:&quot;top&quot;,&quot;sticky_on&quot;:[&quot;desktop&quot;,&quot;tablet&quot;],&quot;sticky_offset&quot;:80,&quot;_ha_eqh_enable&quot;:false,&quot;sticky_effects_offset&quot;:0}\">\n\t\t\t\t\t\t<div class=\"elementor-container elementor-column-gap-default\">\n\t\t\t\t\t<div class=\"elementor-column elementor-col-100 elementor-inner-column elementor-element elementor-element-3841250\" data-id=\"3841250\" data-element_type=\"column\" data-e-type=\"column\">\n\t\t\t<div class=\"elementor-widget-wrap elementor-element-populated\">\n\t\t\t\t\t\t<div class=\"elementor-element elementor-element-443f465 elementor-widget elementor-widget-text-editor\" data-id=\"443f465\" data-element_type=\"widget\" data-e-type=\"widget\" data-widget_type=\"text-editor.default\">\n\t\t\t\t<div class=\"elementor-widget-container\">\n\t\t\t\t\t\t\t\t\t<h4 style=\"text-align: left;\">\u00c9lvezze a t\u00f6k\u00e9letes nyaral\u00e1st a Kalaita Adventures-szal<\/h4>\t\t\t\t\t\t\t\t<\/div>\n\t\t\t\t<\/div>\n\t\t\t\t<div class=\"elementor-element elementor-element-5304093 elementor-icon-list--layout-traditional elementor-list-item-link-full_width elementor-widget elementor-widget-icon-list\" data-id=\"5304093\" data-element_type=\"widget\" data-e-type=\"widget\" data-widget_type=\"icon-list.default\">\n\t\t\t\t<div class=\"elementor-widget-container\">\n\t\t\t\t\t\t\t<ul class=\"elementor-icon-list-items\">\n\t\t\t\t\t\t\t<li class=\"elementor-icon-list-item\">\n\t\t\t\t\t\t\t\t\t\t\t<span class=\"elementor-icon-list-icon\">\n\t\t\t\t\t\t\t<svg aria-hidden=\"true\" class=\"e-font-icon-svg e-fas-check\" viewbox=\"0 0 512 512\" xmlns=\"http:\/\/www.w3.org\/2000\/svg\"><path d=\"M173.898 439.404l-166.4-166.4c-9.997-9.997-9.997-26.206 0-36.204l36.203-36.204c9.997-9.998 26.207-9.998 36.204 0L192 312.69 432.095 72.596c9.997-9.997 26.207-9.997 36.204 0l36.203 36.204c9.997 9.997 9.997 26.206 0 36.204l-294.4 294.401c-9.998 9.997-26.207 9.997-36.204-.001z\"><\/path><\/svg>\t\t\t\t\t\t<\/span>\n\t\t\t\t\t\t\t\t\t\t<span class=\"elementor-icon-list-text\">Szem\u00e9lyre szabott utaz\u00e1s<\/span>\n\t\t\t\t\t\t\t\t\t<\/li>\n\t\t\t\t\t\t\t\t<li class=\"elementor-icon-list-item\">\n\t\t\t\t\t\t\t\t\t\t\t<span class=\"elementor-icon-list-icon\">\n\t\t\t\t\t\t\t<svg aria-hidden=\"true\" class=\"e-font-icon-svg e-fas-check\" viewbox=\"0 0 512 512\" xmlns=\"http:\/\/www.w3.org\/2000\/svg\"><path d=\"M173.898 439.404l-166.4-166.4c-9.997-9.997-9.997-26.206 0-36.204l36.203-36.204c9.997-9.998 26.207-9.998 36.204 0L192 312.69 432.095 72.596c9.997-9.997 26.207-9.997 36.204 0l36.203 36.204c9.997 9.997 9.997 26.206 0 36.204l-294.4 294.401c-9.998 9.997-26.207 9.997-36.204-.001z\"><\/path><\/svg>\t\t\t\t\t\t<\/span>\n\t\t\t\t\t\t\t\t\t\t<span class=\"elementor-icon-list-text\">\u00c9rdekl\u0151dj\u00f6n k\u00f6telezetts\u00e9gv\u00e1llal\u00e1s n\u00e9lk\u00fcl<\/span>\n\t\t\t\t\t\t\t\t\t<\/li>\n\t\t\t\t\t\t\t\t<li class=\"elementor-icon-list-item\">\n\t\t\t\t\t\t\t\t\t\t\t<span class=\"elementor-icon-list-icon\">\n\t\t\t\t\t\t\t<svg aria-hidden=\"true\" class=\"e-font-icon-svg e-fas-check\" viewbox=\"0 0 512 512\" xmlns=\"http:\/\/www.w3.org\/2000\/svg\"><path d=\"M173.898 439.404l-166.4-166.4c-9.997-9.997-9.997-26.206 0-36.204l36.203-36.204c9.997-9.998 26.207-9.998 36.204 0L192 312.69 432.095 72.596c9.997-9.997 26.207-9.997 36.204 0l36.203 36.204c9.997 9.997 9.997 26.206 0 36.204l-294.4 294.401c-9.998 9.997-26.207 9.997-36.204-.001z\"><\/path><\/svg>\t\t\t\t\t\t<\/span>\n\t\t\t\t\t\t\t\t\t\t<span class=\"elementor-icon-list-text\">Legjobb \u00e1raj\u00e1nlat garancia<\/span>\n\t\t\t\t\t\t\t\t\t<\/li>\n\t\t\t\t\t\t\t\t<li class=\"elementor-icon-list-item\">\n\t\t\t\t\t\t\t\t\t\t\t<span class=\"elementor-icon-list-icon\">\n\t\t\t\t\t\t\t<svg aria-hidden=\"true\" class=\"e-font-icon-svg e-fas-check\" viewbox=\"0 0 512 512\" xmlns=\"http:\/\/www.w3.org\/2000\/svg\"><path d=\"M173.898 439.404l-166.4-166.4c-9.997-9.997-9.997-26.206 0-36.204l36.203-36.204c9.997-9.998 26.207-9.998 36.204 0L192 312.69 432.095 72.596c9.997-9.997 26.207-9.997 36.204 0l36.203 36.204c9.997 9.997 9.997 26.206 0 36.204l-294.4 294.401c-9.998 9.997-26.207 9.997-36.204-.001z\"><\/path><\/svg>\t\t\t\t\t\t<\/span>\n\t\t\t\t\t\t\t\t\t\t<span class=\"elementor-icon-list-text\">Szem\u00e9lyre szabott szolg\u00e1ltat\u00e1s<\/span>\n\t\t\t\t\t\t\t\t\t<\/li>\n\t\t\t\t\t\t\t\t<li class=\"elementor-icon-list-item\">\n\t\t\t\t\t\t\t\t\t\t\t<span class=\"elementor-icon-list-icon\">\n\t\t\t\t\t\t\t<svg aria-hidden=\"true\" class=\"e-font-icon-svg e-fas-check\" viewbox=\"0 0 512 512\" xmlns=\"http:\/\/www.w3.org\/2000\/svg\"><path d=\"M173.898 439.404l-166.4-166.4c-9.997-9.997-9.997-26.206 0-36.204l36.203-36.204c9.997-9.998 26.207-9.998 36.204 0L192 312.69 432.095 72.596c9.997-9.997 26.207-9.997 36.204 0l36.203 36.204c9.997 9.997 9.997 26.206 0 36.204l-294.4 294.401c-9.998 9.997-26.207 9.997-36.204-.001z\"><\/path><\/svg>\t\t\t\t\t\t<\/span>\n\t\t\t\t\t\t\t\t\t\t<span class=\"elementor-icon-list-text\">24 \u00f3r\u00e1s v\u00e1laszid\u0151<\/span>\n\t\t\t\t\t\t\t\t\t<\/li>\n\t\t\t\t\t\t<\/ul>\n\t\t\t\t\t\t<\/div>\n\t\t\t\t<\/div>\n\t\t\t\t<div class=\"elementor-element elementor-element-bfade70 e-transform elementor-view-default elementor-position-block-start elementor-mobile-position-block-start elementor-widget elementor-widget-icon-box\" data-id=\"bfade70\" data-element_type=\"widget\" data-e-type=\"widget\" data-settings=\"{&quot;_transform_scale_effect_hover&quot;:{&quot;unit&quot;:&quot;px&quot;,&quot;size&quot;:0.8,&quot;sizes&quot;:[]},&quot;_transform_scale_effect_hover_tablet&quot;:{&quot;unit&quot;:&quot;px&quot;,&quot;size&quot;:&quot;&quot;,&quot;sizes&quot;:[]},&quot;_transform_scale_effect_hover_mobile&quot;:{&quot;unit&quot;:&quot;px&quot;,&quot;size&quot;:&quot;&quot;,&quot;sizes&quot;:[]}}\" data-widget_type=\"icon-box.default\">\n\t\t\t\t<div class=\"elementor-widget-container\">\n\t\t\t\t\t\t\t<div class=\"elementor-icon-box-wrapper\">\n\n\t\t\t\t\t\t<div class=\"elementor-icon-box-icon\">\n\t\t\t\t<a href=\"https:\/\/wa.link\/pcbgi5\" class=\"elementor-icon\" tabindex=\"-1\" aria-label=\"H\u00edvjon minket telefonon\/WhatsAppon\">\n\t\t\t\t<i aria-hidden=\"true\" class=\"mdi mdi-whatsapp\"><\/i>\t\t\t\t<\/a>\n\t\t\t<\/div>\n\t\t\t\n\t\t\t\t\t\t<div class=\"elementor-icon-box-content\">\n\n\t\t\t\t\t\t\t\t\t<h3 class=\"elementor-icon-box-title\">\n\t\t\t\t\t\t<a href=\"https:\/\/wa.link\/pcbgi5\" >\n\t\t\t\t\t\t\tH\u00edvjon minket telefonon\/WhatsAppon\t\t\t\t\t\t<\/a>\n\t\t\t\t\t<\/h3>\n\t\t\t\t\n\t\t\t\t\t\t\t\t\t<p class=\"elementor-icon-box-description\">\n\t\t\t\t\t\t+255 652 677 133\t\t\t\t\t<\/p>\n\t\t\t\t\n\t\t\t<\/div>\n\t\t\t\n\t\t<\/div>\n\t\t\t\t\t\t<\/div>\n\t\t\t\t<\/div>\n\t\t\t\t\t<\/div>\n\t\t<\/div>\n\t\t\t\t\t<\/div>\n\t\t<\/section>\n\t\t\t\t\t<\/div>\n\t\t<\/div>\n\t\t\t\t\t<\/div>\n\t\t<\/section>\n\t\t\t\t<\/div>","protected":false},"excerpt":{"rendered":"<p>\u00c9lvezze a t\u00f6k\u00e9letes nyaral\u00e1st a Kalaita Adventures-szel Szem\u00e9lyre szabott utaz\u00e1s \u00c9rdekl\u0151dj\u00f6n elk\u00f6telezetts\u00e9g n\u00e9lk\u00fcl A legjobb \u00e1raj\u00e1nlat garanci\u00e1ja Szem\u00e9lyre szabott szolg\u00e1ltat\u00e1s 24 \u00f3r\u00e1s v\u00e1laszid\u0151 H\u00edvjon minket telefonon\/WhatsAppon +255 652 677 133<\/p>","protected":false},"author":5,"featured_media":0,"parent":0,"menu_order":0,"comment_status":"closed","ping_status":"closed","template":"elementor_header_footer","meta":{"footnotes":""},"class_list":["post-834","page","type-page","status-publish","hentry"],"yoast_head":"<!-- This site is optimized with the Yoast SEO plugin v26.8 - https:\/\/yoast.com\/product\/yoast-seo-wordpress\/ -->\n<title>Customize your Tanzania Holiday - Kalaita Adventure Safaris<\/title>\n<meta name=\"robots\" content=\"index, follow, max-snippet:-1, max-image-preview:large, max-video-preview:-1\" \/>\n<link rel=\"canonical\" href=\"https:\/\/kalaitaadventures.com\/hu\/testre-szabhatja-tanzaniai-nyaralasat\/\" \/>\n<meta property=\"og:locale\" content=\"hu_HU\" \/>\n<meta property=\"og:type\" content=\"article\" \/>\n<meta property=\"og:title\" content=\"Customize your Tanzania Holiday - Kalaita Adventure Safaris\" \/>\n<meta property=\"og:description\" content=\"Enjoy your perfect holiday with Kalaita Adventures Tailor made travel Enquire without commitment Best quote guarantee Bespoke service 24 hours response time Call\/WhatsApp us +255 652 677 133\" \/>\n<meta property=\"og:url\" content=\"https:\/\/kalaitaadventures.com\/hu\/testre-szabhatja-tanzaniai-nyaralasat\/\" \/>\n<meta property=\"og:site_name\" content=\"Kalaita Adventure Safaris\" \/>\n<meta property=\"article:modified_time\" content=\"2025-01-25T10:18:05+00:00\" \/>\n<meta name=\"twitter:card\" content=\"summary_large_image\" \/>\n<script type=\"application\/ld+json\" class=\"yoast-schema-graph\">{\"@context\":\"https:\/\/schema.org\",\"@graph\":[{\"@type\":\"WebPage\",\"@id\":\"https:\/\/kalaitaadventures.com\/customize-your-tanzania-holiday\/\",\"url\":\"https:\/\/kalaitaadventures.com\/customize-your-tanzania-holiday\/\",\"name\":\"Customize your Tanzania Holiday - Kalaita Adventure Safaris\",\"isPartOf\":{\"@id\":\"https:\/\/kalaitaadventures.com\/#website\"},\"datePublished\":\"2025-01-01T07:47:36+00:00\",\"dateModified\":\"2025-01-25T10:18:05+00:00\",\"breadcrumb\":{\"@id\":\"https:\/\/kalaitaadventures.com\/customize-your-tanzania-holiday\/#breadcrumb\"},\"inLanguage\":\"hu\",\"potentialAction\":[{\"@type\":\"ReadAction\",\"target\":[\"https:\/\/kalaitaadventures.com\/customize-your-tanzania-holiday\/\"]}]},{\"@type\":\"BreadcrumbList\",\"@id\":\"https:\/\/kalaitaadventures.com\/customize-your-tanzania-holiday\/#breadcrumb\",\"itemListElement\":[{\"@type\":\"ListItem\",\"position\":1,\"name\":\"Home\",\"item\":\"https:\/\/kalaitaadventures.com\/\"},{\"@type\":\"ListItem\",\"position\":2,\"name\":\"Customize your Tanzania Holiday\"}]},{\"@type\":\"WebSite\",\"@id\":\"https:\/\/kalaitaadventures.com\/#website\",\"url\":\"https:\/\/kalaitaadventures.com\/\",\"name\":\"Kalaita Adventure Safaris\",\"description\":\"Wildlife Safaris | Kilimanjaro | Zanzibar\",\"publisher\":{\"@id\":\"https:\/\/kalaitaadventures.com\/#organization\"},\"potentialAction\":[{\"@type\":\"SearchAction\",\"target\":{\"@type\":\"EntryPoint\",\"urlTemplate\":\"https:\/\/kalaitaadventures.com\/?s={search_term_string}\"},\"query-input\":{\"@type\":\"PropertyValueSpecification\",\"valueRequired\":true,\"valueName\":\"search_term_string\"}}],\"inLanguage\":\"hu\"},{\"@type\":\"Organization\",\"@id\":\"https:\/\/kalaitaadventures.com\/#organization\",\"name\":\"Kalaita Adventure Safaris\",\"url\":\"https:\/\/kalaitaadventures.com\/\",\"logo\":{\"@type\":\"ImageObject\",\"inLanguage\":\"hu\",\"@id\":\"https:\/\/kalaitaadventures.com\/#\/schema\/logo\/image\/\",\"url\":\"https:\/\/kalaitaadventures.com\/wp-content\/uploads\/2024\/05\/cropped-Kalaita-Logo-2.png\",\"contentUrl\":\"https:\/\/kalaitaadventures.com\/wp-content\/uploads\/2024\/05\/cropped-Kalaita-Logo-2.png\",\"width\":1323,\"height\":527,\"caption\":\"Kalaita Adventure Safaris\"},\"image\":{\"@id\":\"https:\/\/kalaitaadventures.com\/#\/schema\/logo\/image\/\"}}]}<\/script>\n<!-- \/ Yoast SEO plugin. -->","yoast_head_json":{"title":"Customize your Tanzania Holiday - Kalaita Adventure Safaris","robots":{"index":"index","follow":"follow","max-snippet":"max-snippet:-1","max-image-preview":"max-image-preview:large","max-video-preview":"max-video-preview:-1"},"canonical":"https:\/\/kalaitaadventures.com\/hu\/testre-szabhatja-tanzaniai-nyaralasat\/","og_locale":"hu_HU","og_type":"article","og_title":"Customize your Tanzania Holiday - Kalaita Adventure Safaris","og_description":"Enjoy your perfect holiday with Kalaita Adventures Tailor made travel Enquire without commitment Best quote guarantee Bespoke service 24 hours response time Call\/WhatsApp us +255 652 677 133","og_url":"https:\/\/kalaitaadventures.com\/hu\/testre-szabhatja-tanzaniai-nyaralasat\/","og_site_name":"Kalaita Adventure Safaris","article_modified_time":"2025-01-25T10:18:05+00:00","twitter_card":"summary_large_image","schema":{"@context":"https:\/\/schema.org","@graph":[{"@type":"WebPage","@id":"https:\/\/kalaitaadventures.com\/customize-your-tanzania-holiday\/","url":"https:\/\/kalaitaadventures.com\/customize-your-tanzania-holiday\/","name":"Customize your Tanzania Holiday - Kalaita Adventure Safaris","isPartOf":{"@id":"https:\/\/kalaitaadventures.com\/#website"},"datePublished":"2025-01-01T07:47:36+00:00","dateModified":"2025-01-25T10:18:05+00:00","breadcrumb":{"@id":"https:\/\/kalaitaadventures.com\/customize-your-tanzania-holiday\/#breadcrumb"},"inLanguage":"hu","potentialAction":[{"@type":"ReadAction","target":["https:\/\/kalaitaadventures.com\/customize-your-tanzania-holiday\/"]}]},{"@type":"BreadcrumbList","@id":"https:\/\/kalaitaadventures.com\/customize-your-tanzania-holiday\/#breadcrumb","itemListElement":[{"@type":"ListItem","position":1,"name":"Home","item":"https:\/\/kalaitaadventures.com\/"},{"@type":"ListItem","position":2,"name":"Customize your Tanzania Holiday"}]},{"@type":"WebSite","@id":"https:\/\/kalaitaadventures.com\/#website","url":"https:\/\/kalaitaadventures.com\/","name":"Kalaita Adventure Safaris","description":"Wildlife Safaris | Kilimanjaro | Zanzibar","publisher":{"@id":"https:\/\/kalaitaadventures.com\/#organization"},"potentialAction":[{"@type":"SearchAction","target":{"@type":"EntryPoint","urlTemplate":"https:\/\/kalaitaadventures.com\/?s={search_term_string}"},"query-input":{"@type":"PropertyValueSpecification","valueRequired":true,"valueName":"search_term_string"}}],"inLanguage":"hu"},{"@type":"Organization","@id":"https:\/\/kalaitaadventures.com\/#organization","name":"Kalaita Adventure Safaris","url":"https:\/\/kalaitaadventures.com\/","logo":{"@type":"ImageObject","inLanguage":"hu","@id":"https:\/\/kalaitaadventures.com\/#\/schema\/logo\/image\/","url":"https:\/\/kalaitaadventures.com\/wp-content\/uploads\/2024\/05\/cropped-Kalaita-Logo-2.png","contentUrl":"https:\/\/kalaitaadventures.com\/wp-content\/uploads\/2024\/05\/cropped-Kalaita-Logo-2.png","width":1323,"height":527,"caption":"Kalaita Adventure Safaris"},"image":{"@id":"https:\/\/kalaitaadventures.com\/#\/schema\/logo\/image\/"}}]}},"_links":{"self":[{"href":"https:\/\/kalaitaadventures.com\/hu\/wp-json\/wp\/v2\/pages\/834","targetHints":{"allow":["GET"]}}],"collection":[{"href":"https:\/\/kalaitaadventures.com\/hu\/wp-json\/wp\/v2\/pages"}],"about":[{"href":"https:\/\/kalaitaadventures.com\/hu\/wp-json\/wp\/v2\/types\/page"}],"author":[{"embeddable":true,"href":"https:\/\/kalaitaadventures.com\/hu\/wp-json\/wp\/v2\/users\/5"}],"replies":[{"embeddable":true,"href":"https:\/\/kalaitaadventures.com\/hu\/wp-json\/wp\/v2\/comments?post=834"}],"version-history":[{"count":86,"href":"https:\/\/kalaitaadventures.com\/hu\/wp-json\/wp\/v2\/pages\/834\/revisions"}],"predecessor-version":[{"id":2935,"href":"https:\/\/kalaitaadventures.com\/hu\/wp-json\/wp\/v2\/pages\/834\/revisions\/2935"}],"wp:attachment":[{"href":"https:\/\/kalaitaadventures.com\/hu\/wp-json\/wp\/v2\/media?parent=834"}],"curies":[{"name":"wp","href":"https:\/\/api.w.org\/{rel}","templated":true}]}}